{"id":77,"date":"2018-12-21T20:24:43","date_gmt":"2018-12-21T20:24:43","guid":{"rendered":"https:\/\/dieterwolf.net\/wordpress\/?page_id=77"},"modified":"2024-11-05T10:33:19","modified_gmt":"2024-11-05T09:33:19","slug":"buecher","status":"publish","type":"page","link":"https:\/\/dieterwolf.net\/wordpress\/?page_id=77","title":{"rendered":"B\u00fccher"},"content":{"rendered":"\n<p class=\"has-vivid-cyan-blue-color has-text-color has-medium-font-size\"><a href=\"https:\/\/www.google.com\/url?sa=t&amp;source=web&amp;rct=j&amp;opi=89978449&amp;url=https:\/\/dieterwolf.net\/wordpress\/&amp;ved=2ahUKEwjO1tnOlcGJAxWzgf0HHRVtNFsQFnoECBwQAQ&amp;usg=AOvVaw1bwzLzOmAH3NtAxuz5ENnu\"><strong>dieterwolf.net<\/strong><\/a> <strong>(Men\u00fc)<\/strong><\/p>\n\n\n\n<p class=\"has-medium-font-size\"><strong>Suchfunktion  Strg  F<\/strong><\/p>\n\n\n\n<p style=\"font-size:22px\"><strong>Hegel Marx VSA Verlag Hamburg<\/strong><\/p>\n\n\n\n<p style=\"font-size:21px\"><strong>Idealistische und materialistische  Dialektik<\/strong><\/p>\n\n\n\n<div class=\"wp-block-image\"><figure class=\"alignright is-resized\"><img loading=\"lazy\" src=\"https:\/\/dieterwolf.net\/wordpress\/wp-content\/uploads\/2018\/12\/Hegel-und-Marx.jpg\" alt=\"\" class=\"wp-image-904\" width=\"150\" height=\"228\" srcset=\"https:\/\/dieterwolf.net\/wordpress\/wp-content\/uploads\/2018\/12\/Hegel-und-Marx.jpg 300w, https:\/\/dieterwolf.net\/wordpress\/wp-content\/uploads\/2018\/12\/Hegel-und-Marx-198x300.jpg 198w, https:\/\/dieterwolf.net\/wordpress\/wp-content\/uploads\/2018\/12\/Hegel-und-Marx-165x250.jpg 165w, https:\/\/dieterwolf.net\/wordpress\/wp-content\/uploads\/2018\/12\/Hegel-und-Marx-92x140.jpg 92w\" sizes=\"(max-width: 150px) 100vw, 150px\" \/><\/figure><\/div>\n\n\n\n<h2 class=\"has-text-align-left\" style=\"font-size:23px\"><em><strong>Hegel und Marx.<\/strong><\/em><strong> <\/strong><em><strong>Zur Bewegungsstruktur des&nbsp; absoluten Geistes<\/strong><\/em><strong> <\/strong><em><strong>und des Kapitals<\/strong>.<\/em>  VSA Verlag Hamburg<br><strong> <\/strong> <\/h2>\n\n\n\n<h2 class=\"has-pale-cyan-blue-color has-text-color\" style=\"font-size:23px\"><a href=\"https:\/\/dieterwolf.net\/wordpress\/wp-content\/uploads\/2018\/12\/Hegel-und-Marx-Absolute-Geist-und-Kapital.pdf\"><strong><span class=\"has-inline-color has-vivid-cyan-blue-color\">Als PDF: Hegel Marx Bewegungsstruktur des absoluten Geistes und des Kapitals<\/span><\/strong><\/a><\/h2>\n\n\n\n<p> &#8212;&#8212;&#8212;&#8212;&#8212;&#8212;&#8212;&#8212;&#8212;&#8212;&#8212;&#8212;&#8212;&#8212;&#8212;&#8212;&#8212;&#8212;&#8212;&#8212;&#8212;&#8212;&#8212;&#8212;&#8212;&#8212;&#8212;&#8212;&#8212;&#8212;&#8212;&#8212;&#8212;&#8212;&#8211;<\/p>\n\n\n\n<p style=\"font-size:25px\"><strong>Hegel B\u00fcrgerliche Gesellschaft<\/strong><br><strong>VSA-Verlag Hamburg<\/strong><\/p>\n\n\n\n<div class=\"wp-block-image\"><figure class=\"alignright is-resized\"><img loading=\"lazy\" src=\"https:\/\/dieterwolf.net\/wordpress\/wp-content\/uploads\/2018\/12\/Hegels-Theorie-der-b\u00fcrgerlichen-Gesellschaft.jpg\" alt=\"\" class=\"wp-image-905\" width=\"164\" height=\"239\" srcset=\"https:\/\/dieterwolf.net\/wordpress\/wp-content\/uploads\/2018\/12\/Hegels-Theorie-der-b\u00fcrgerlichen-Gesellschaft-205x300.jpg 205w, https:\/\/dieterwolf.net\/wordpress\/wp-content\/uploads\/2018\/12\/Hegels-Theorie-der-b\u00fcrgerlichen-Gesellschaft-92x135.jpg 92w\" sizes=\"(max-width: 164px) 100vw, 164px\" \/><\/figure><\/div>\n\n\n\n<h2 class=\"has-text-align-left\" style=\"font-size:25px\"><em><strong>Hegels Theorie der b\u00fcrgerlichen<\/strong><\/em><strong><br> <\/strong><em><strong>Gesellschaft<\/strong><\/em><strong>.&nbsp;<\/strong>Eine materialistische Kritik, VSA Verlag Hamburg <br><\/h2>\n\n\n\n<p class=\"has-text-align-left has-vivid-cyan-blue-color has-text-color\" style=\"font-size:24px\"><a href=\"https:\/\/dieterwolf.net\/wordpress\/wp-content\/uploads\/2018\/12\/Hegels_Theorie_der_buergerlichen_Gesellschaft_Dieter_Wolf.pdf\">Als PDF: Hegels Theorie der b\u00fcrgerlichen Gesellschaft<\/a><\/p>\n\n\n\n<h2 class=\"has-text-align-left\" style=\"font-size:25px\">   &#8212;&#8212;&#8212;&#8212;&#8212;&#8212;&#8212;&#8212;&#8212;&#8212;&#8212;&#8212;&#8212;&#8212;&#8212;&#8212;&#8212;&#8212;&#8212;&#8212;&#8212;&#8212;&#8212;&#8212;&#8212;&#8212;&#8212;&#8212;&#8212;&#8212;&#8212;&#8212;&#8212;&#8212;&#8211; <\/h2>\n\n\n\n<h2 class=\"has-text-align-left\"> <strong>Warenzirkulation und Warenfetisch<br> Eine Untersuchung zum systematischen Zusammenhang der drei ersten Kapitel des \u201eKapital\u201c<\/strong> <strong><br> <\/strong><\/h2>\n\n\n\n<p style=\"font-size:24px\"><strong>Die Warenzirkulation als abstrakte Sph\u00e4re des Kapitals, Waren-und Geldfetisch.<\/strong> Hamburg 1984<\/p>\n\n\n\n<p class=\"has-text-align-left has-vivid-cyan-blue-color has-text-color\" style=\"font-size:24px\"><strong>Als PDF:<\/strong> <a href=\"https:\/\/dieterwolf.net\/wordpress\/wp-content\/uploads\/2018\/12\/Warenzirkulation_und_Warenfetisch_.pdf\">Warenzirkulation &#8211; Systematische Zusammenhang der ersten drei Kapitel des Kapitals <\/a> <br><\/p>\n\n\n\n<p class=\"has-text-align-left has-medium-font-size\"><strong>Inhallts\u00fcbersicht<\/strong><br><br>Einleitung:<br>Unterschiedliche Typen von Dialektik im \u201eKapital\u201c und<br>in \u201eZur Kritik der Politischen \u00d6konomie\u201c?<br>Teil 1 Zum Zusammenhang der drei ersten Kapitel des \u201eKapital\u201c<br>Kapitel 1 Die ersten drei Kapitel des \u201eKapital\u201c als drei Abstraktionsstufen, auf denen nach Marx die Warenzirkulation darzustellen ist<br>Kapitel 2 &nbsp;Kritik unterschiedlicher Interpretationen des im zweiten Kapitel des \u201eKapital\u201c dargestellten, praktisch-gesellschaftlichen Entstehungsprozesses des Geldes<br>Kapitel 3 Die reelle und ideelle Ent\u00e4u\u00dferung der Waren als Voraussetzung und Resultat<br>Teil 2 &nbsp;Der Warenfetisch<br>Kapitel 1&nbsp;Die Ausgangssituation des Austauschs und der Warenfetisch<br>Kapitel 2 Der Warenfetisch als \u201cfalscher Schein\u201c oder \u201eprosaisch reelle Mystifikation\u201c<br>Kapitel 3 Zu einigen missverst\u00e4ndlichen Ausf\u00fchrungen von Marx \u00fcber den Warenfetisch<br>Exkurs: Zur Bedeutung des Warenfetischs f\u00fcr die Theoriebildung<br>Teil 3 Zum Unterschied zwischen dialektischem und logischem<br>Widerspruch. Eine Kritik an Gerhard G\u00f6hler<\/p>\n\n\n\n<p style=\"font-size:18px\">(Eine Kurzfassung dieses Teils befindet sich in dem Buch: Dieter Wolf, Der dialektische Widerspruch im Kapital und ist auf dieser Homepage zug\u00e4nglich.)<br>Kapitel 1 G\u00f6hlers Entwicklung der Wertformen ohne Rekurs auf den dialektischen Widerspruch und seine L\u00f6sungsformen<br>Kapitel 2 &nbsp;Die Entwicklung der Wertformen  (erste Kapitel des &#8222;Kapitals&#8220;) und die Analyse des Austauschprozesses (zweite Kapitel des &#8222;Kapitals&#8220;)<\/p>\n\n\n\n<p>\n\n&#8212;&#8212;&#8212;&#8212;&#8212;&#8212;&#8212;&#8212;&#8212;&#8212;&#8212;&#8212;&#8212;&#8212;&#8212;&#8212;&#8212;&#8212;&#8212;&#8212;&#8212;&#8212;&#8212;&#8212;&#8212;&#8212;&#8212;&#8212;&#8212;&#8212;&#8212;&#8212;&#8212;&#8212;&#8212;&#8212;&#8212;&#8212;&#8212;&#8212;&#8212;&#8212;&#8212;&#8212;\n\n<\/p>\n\n\n\n<div class=\"wp-block-image\"><figure class=\"alignright\"><img loading=\"lazy\" width=\"200\" height=\"289\" src=\"https:\/\/dieterwolf.net\/wordpress\/wp-content\/uploads\/2018\/12\/Dialektische-Widerspruch-im-Kapital-5.jpg-5.jpg\" alt=\"\" class=\"wp-image-898\" srcset=\"https:\/\/dieterwolf.net\/wordpress\/wp-content\/uploads\/2018\/12\/Dialektische-Widerspruch-im-Kapital-5.jpg-5.jpg 200w, https:\/\/dieterwolf.net\/wordpress\/wp-content\/uploads\/2018\/12\/Dialektische-Widerspruch-im-Kapital-5.jpg-5-173x250.jpg 173w, https:\/\/dieterwolf.net\/wordpress\/wp-content\/uploads\/2018\/12\/Dialektische-Widerspruch-im-Kapital-5.jpg-5-92x133.jpg 92w\" sizes=\"(max-width: 200px) 100vw, 200px\" \/><figcaption>Dialektische  Widerspruch im Kapital<\/figcaption><\/figure><\/div>\n\n\n\n<h2 class=\"has-text-align-left\"><strong>Dieter Wolf, Der dialektische Widerspruch im Kapital.<\/strong> <em>Ein Beitrag zur Marxschen Werttheorie<\/em><strong>, <\/strong> Hamburg 2002.  Inhaltsverzeichnis: <br><br><strong>Dialektik Hegel &#8211; Marx<\/strong> <br><\/h2>\n\n\n\n<p class=\"has-vivid-cyan-blue-color has-text-color\" style=\"font-size:24px\"><strong>Als PDF:<\/strong>  <a href=\"https:\/\/dieterwolf.net\/wordpress\/wp-content\/uploads\/2018\/12\/Dialektische-Widerspruch-Inhalt.pdf\">Dialektische Widerspruch Inhalt &nbsp;&nbsp;&nbsp;<\/a> <br><\/p>\n\n\n\n<p class=\"has-text-align-left has-medium-font-size\"> Als PDF-Dateien zug\u00e4nglich finden Sie Teile und Kapitel aus diesem Buch unter dem <strong>Menu-Punkt<\/strong> <strong>\u201eAusz\u00fcge aus B\u00fcchern\u201c  <\/strong><\/p>\n\n\n\n<p class=\"has-text-align-left\" style=\"font-size:21px\"><strong>Klappentext<\/strong>:&nbsp;Dieter Wolf rekonstruiert den dialektischen Widerspruch in der spezifischen Bedeutung, die dieser im \u00bbKapital\u00ab als \u00bbTriebkraft\u00ab der Entwicklung der gesellschaftlichen Formen der Arbeit in der b\u00fcrgerlichen Gesellschaft besitzt. Was den dialektischen Widerspruch in seiner Auswirkung auf die Struktur der b\u00fcrgerlichen Gesellschaft auszeichnet, wird aus dieser selbst und nicht aus der kritisch betrachteten Philosophie Hegels erkl\u00e4rt, f\u00fcr den der dialektische Widerspruch die \u00bbWurzel aller Bewegung und Lebendigkeit\u00ab ist. Auf Basis eines inhaltlich verbindlichen Nachvollzugs der \u00f6konomisch-gesellschaftlichen Prozesse, in denen der dialektische Widerspruch zwischen der Gebrauchswert- und der Wertseite der gesellschaftlichen Arbeit gesetzt und gel\u00f6st wird, setzt sich Dieter Wolf kritisch mit bekannten Theoretikern (L. Colletti, D. Henrich, H.F. Fulda, M. Theunissen, W. Becker, G. G\u00f6hler, &nbsp;H.G. Backhaus, H. Reichelt, E.M. Lange) auseinander.Diese vertreten auf Hegel und Marx bezogen einen \u00bbAnwendungsschematismus\u00ab und werfen, der Hegelschen Philosophie verpflichtet, Marx eine Reduktion der Dialektik vor. Dieter Wolf tritt dem insbesondere durch Hegels Philosophie gen\u00e4hrten Vorurteil entgegen, der dialektische Widerspruch sei auf eine mit rationaler Wissenschaft nicht vereinbaren Weise mystisch spekulativ. Der Autor widerlegt die Bem\u00fchungen vieler Theoretiker, den dialektischen Widerspruch als logischen irrationalen Widerspruch zu interpretieren, und weist nach, dass der dialektische Widerspruch im \u00bbKapital\u00ab durch und durch rational ist. Der dialektische Widerspruch pr\u00e4gt die Struktur des Systems der gesellschaftlichen Arbeit, die \u00bbdas entscheidende Vermittlungsglied zwischen Mensch und Natur ist\u00ab. Ausf\u00fchrlich wird auf Marx\u2019 Kritik am \u00bbHegelschen Widerspruch\u00ab in der \u00bbKritik des Hegelschen Staatsrechts\u00ab eingegangen und erkl\u00e4rt, warum der sp\u00e4te Marx zu einer Wertsch\u00e4tzung des \u00bbHegelschen Widerspruchs\u00ab als \u00bbSpringquelle aller Dialektik\u00ab kommt, wobei er an der fr\u00fcher bereits vorgetragenen Kritik festh\u00e4lt und sie weiter vorantreibt.<br>Ein systematischer Beitrag zum Verst\u00e4ndnis der \u00f6konomisch-gesellschaftlichen Kategorien im Marxschen \u00bbKapital\u00ab und zum System der gesellschaftlichen Arbeit als dem entscheidenden Vermittlungsglied zwischen Mensch und Natur.<\/p>\n\n\n\n<p>\n\n&#8212;&#8212;&#8212;&#8212;&#8212;&#8212;&#8212;&#8212;&#8212;&#8212;&#8212;&#8212;&#8212;&#8212;&#8212;&#8212;&#8212;&#8212;&#8212;&#8212;&#8212;&#8212;&#8212;&#8212;&#8212;&#8212;&#8212;&#8212;&#8212;&#8212;&#8212;&#8212;&#8212;&#8212;&#8212;&#8212;&#8212;&#8212;&#8212;&#8212;&#8212;&#8212;&#8212;&#8212;\n\n<\/p>\n\n\n\n<div class=\"wp-block-image\"><figure class=\"alignright is-resized\"><img loading=\"lazy\" src=\"https:\/\/dieterwolf.net\/wordpress\/wp-content\/uploads\/2019\/01\/Konfudion-1-2.png\" alt=\"\" class=\"wp-image-1253\" width=\"151\" height=\"214\" srcset=\"https:\/\/dieterwolf.net\/wordpress\/wp-content\/uploads\/2019\/01\/Konfudion-1-2.png 602w, https:\/\/dieterwolf.net\/wordpress\/wp-content\/uploads\/2019\/01\/Konfudion-1-2-211x300.png 211w, https:\/\/dieterwolf.net\/wordpress\/wp-content\/uploads\/2019\/01\/Konfudion-1-2-352x500.png 352w, https:\/\/dieterwolf.net\/wordpress\/wp-content\/uploads\/2019\/01\/Konfudion-1-2-176x250.png 176w, https:\/\/dieterwolf.net\/wordpress\/wp-content\/uploads\/2019\/01\/Konfudion-1-2-92x131.png 92w\" sizes=\"(max-width: 151px) 100vw, 151px\" \/><\/figure><\/div>\n\n\n\n<h3 class=\"has-text-align-left\" style=\"font-size:22px\"><strong> Konfusion des Wertbegriffs. Eine ausf\u00fchrliche Kritik an der von<\/strong> <strong>Hans \u2013 Georg &nbsp;Backhaus&nbsp;<\/strong> und <strong> Helmut&nbsp;&nbsp;Reichelt entwickelten Interpretation des \u201e<\/strong><em>Kapitals\u201c<\/em><strong>&nbsp; bzw. der Marxschen Werttheorie.&nbsp;Kritische Theorie und Kritik der Politischen \u00d6konomie. <\/strong><br><\/h3>\n\n\n\n<p class=\"has-text-align-left has-medium-font-size\"><em>Beitr\u00e4ge zur \u00bbKapital\u00ab-Diskussion<\/em><strong>.<\/strong> Wissenschaftliche Mitteilungen&nbsp;Heft 3 Hamburg, 2004.&nbsp;<\/p>\n\n\n\n<p class=\"has-text-align-left has-vivid-cyan-blue-color has-text-color\" style=\"font-size:24px\"><strong>Als PDF:<\/strong> <a href=\"https:\/\/dieterwolf.net\/wordpress\/wp-content\/uploads\/2018\/12\/Konfusion_des_Wertbegriffs_Kritik_an_Reichelt_und_Backhaus.pdf\"><strong>Backhaus Reichelt Konfusion des Wertbegriffs <\/strong><\/a>  <br><\/p>\n\n\n\n<div class=\"wp-block-image is-style-default\"><figure class=\"alignright is-resized\"><img loading=\"lazy\" src=\"https:\/\/dieterwolf.net\/wordpress\/wp-content\/uploads\/2019\/01\/Castoriadis-1.png\" alt=\"\" class=\"wp-image-1184\" width=\"160\" height=\"247\"\/><\/figure><\/div>\n\n\n\n<h3 class=\"has-text-align-left\" style=\"font-size:22px\"><strong>Michael Sommer,&nbsp;Dieter Wolf, Imagin\u00e4re  Institution, imagin\u00e4re Bedeutungen und historische Schranken der Erkenntnis. Eine Kritik an Cornelius Castoriadis.&nbsp; <\/strong><br> <\/h3>\n\n\n\n<p class=\"has-text-align-left has-medium-font-size\">(Zugleich ein Beitrag zum Verst\u00e4ndnis der Kritik der politischen \u00d6konomie.)<\/p>\n\n\n\n<p class=\"has-medium-font-size\">Hamburg 2008, Argument Verlag \u2022 ISBN 978-3-88619-344-8<\/p>\n\n\n\n<p class=\"has-text-align-left has-vivid-cyan-blue-color has-text-color\" style=\"font-size:24px\"><strong>Als PDF: <a href=\"https:\/\/dieterwolf.net\/wordpress\/wp-content\/uploads\/2018\/12\/Castoriadis_Marx.pdf\">Cornelius Castoriadis Imagin\u00e4re Institution Imagin\u00e4re Bedeutung<\/a><\/strong><\/p>\n\n\n\n<p style=\"font-size:21px\">Zu dem hier vollst\u00e4ndig als PDF-Datei zug\u00e4nglichen Buch gibt es ausgew\u00e4hlte Ausz\u00fcge unter dem Menu-Punkt \u201eAusz\u00fcge aus B\u00fcchern\u201c. (z.B. zum <strong><em>Kapital als \u201eautomatischem Subjekt<\/em>\u201e<\/strong>)<\/p>\n\n\n\n<p class=\"has-text-align-left has-medium-font-size\">&nbsp;Angesichts der Bedeutung, die Aristoteles\u2019 Auffassung von Gerechtigkeit und Gleichheit in der  politisch-theoretischen Diskussion zukommt, geht es darum, wie sich  Castoriadis mit Aristoteles auseinandersetzt und vergeblich versucht, ihn  gegen Marx auszuspielen. &nbsp;Es geht auch darum, mit Hilfe des Marxschen Kapitals die Bedingungen einer emanzipatorischen Praxis aufzuzeigen, mit der die Menschen beginnen k\u00f6nnen, sich aus der von ihnen selbst  geschaffenen und damit selbst verschuldeten Naturw\u00fcchsigkeit ihres  \u00f6konomisch-gesellschaftlichen Zusammenhangs zu befreien. <\/p>\n\n\n\n<p>\n\n&#8212;&#8212;&#8212;&#8212;&#8212;&#8212;&#8212;&#8212;&#8212;&#8212;&#8212;&#8212;&#8212;&#8212;&#8212;&#8212;&#8212;&#8212;&#8212;&#8212;&#8212;&#8212;&#8212;&#8212;&#8212;&#8212;&#8212;&#8212;&#8212;&#8212;&#8212;&#8212;&#8212;&#8212;&#8212;&#8212;&#8212;&#8212;&#8212;&#8212;&#8212;&#8212;&#8212;&#8211; \n\n<\/p>\n\n\n\n<h1><\/h1>\n\n\n\n<p><\/p>\n\n\n\n<h2><\/h2>\n\n\n\n<div class=\"wp-block-media-text alignwide is-stacked-on-mobile\"><figure class=\"wp-block-media-text__media\"><\/figure><div class=\"wp-block-media-text__content\">\n<p class=\"has-large-font-size\"><\/p>\n<\/div><\/div>\n\n\n\n<p><\/p>\n","protected":false},"excerpt":{"rendered":"<p>dieterwolf.net (Men\u00fc) Suchfunktion Strg F Hegel Marx VSA Verlag Hamburg Idealistische und materialistische Dialektik Hegel und Marx. Zur Bewegungsstruktur des&nbsp; absoluten Geistes und des Kapitals. VSA Verlag Hamburg Als PDF: Hegel Marx Bewegungsstruktur des absoluten Geistes und des Kapitals &#8212;&#8212;&#8212;&#8212;&#8212;&#8212;&#8212;&#8212;&#8212;&#8212;&#8212;&#8212;&#8212;&#8212;&#8212;&#8212;&#8212;&#8212;&#8212;&#8212;&#8212;&#8212;&#8212;&#8212;&#8212;&#8212;&#8212;&#8212;&#8212;&#8212;&#8212;&#8212;&#8212;&#8212;&#8211; Hegel B\u00fcrgerliche GesellschaftVSA-Verlag Hamburg Hegels Theorie der b\u00fcrgerlichen Gesellschaft.&nbsp;Eine materialistische Kritik, VSA Verlag Hamburg Als [&hellip;]<\/p>\n","protected":false},"author":1,"featured_media":1681,"parent":0,"menu_order":1,"comment_status":"closed","ping_status":"closed","template":"","meta":[],"_links":{"self":[{"href":"https:\/\/dieterwolf.net\/wordpress\/index.php?rest_route=\/wp\/v2\/pages\/77"}],"collection":[{"href":"https:\/\/dieterwolf.net\/wordpress\/index.php?rest_route=\/wp\/v2\/pages"}],"about":[{"href":"https:\/\/dieterwolf.net\/wordpress\/index.php?rest_route=\/wp\/v2\/types\/page"}],"author":[{"embeddable":true,"href":"https:\/\/dieterwolf.net\/wordpress\/index.php?rest_route=\/wp\/v2\/users\/1"}],"replies":[{"embeddable":true,"href":"https:\/\/dieterwolf.net\/wordpress\/index.php?rest_route=%2Fwp%2Fv2%2Fcomments&post=77"}],"version-history":[{"count":466,"href":"https:\/\/dieterwolf.net\/wordpress\/index.php?rest_route=\/wp\/v2\/pages\/77\/revisions"}],"predecessor-version":[{"id":4691,"href":"https:\/\/dieterwolf.net\/wordpress\/index.php?rest_route=\/wp\/v2\/pages\/77\/revisions\/4691"}],"wp:featuredmedia":[{"embeddable":true,"href":"https:\/\/dieterwolf.net\/wordpress\/index.php?rest_route=\/wp\/v2\/media\/1681"}],"wp:attachment":[{"href":"https:\/\/dieterwolf.net\/wordpress\/index.php?rest_route=%2Fwp%2Fv2%2Fmedia&parent=77"}],"curies":[{"name":"wp","href":"https:\/\/api.w.org\/{rel}","templated":true}]}}